{"id":6089,"date":"2023-05-28T15:18:14","date_gmt":"2023-05-28T15:18:14","guid":{"rendered":"https:\/\/becomeregeneration.com\/?page_id=6089"},"modified":"2023-05-28T15:20:44","modified_gmt":"2023-05-28T15:20:44","slug":"politicas-de-privacidad","status":"publish","type":"page","link":"https:\/\/becomeregeneration.com\/es\/politicas-de-privacidad\/","title":{"rendered":"Privacy Policy &#8211; ES"},"content":{"rendered":"<div data-elementor-type=\"wp-page\" data-elementor-id=\"6089\" class=\"elementor elementor-6089\" data-elementor-post-type=\"page\">\n\t\t\t\t<div class=\"elementor-element elementor-element-dfb84b2 e-flex e-con-boxed e-con e-parent\" data-id=\"dfb84b2\" data-element_type=\"container\">\n\t\t\t\t\t<div class=\"e-con-inner\">\n\t\t\t\t<div class=\"elementor-element elementor-element-9844879 elementor-widget elementor-widget-heading\" data-id=\"9844879\" data-element_type=\"widget\" data-widget_type=\"heading.default\">\n\t\t\t\t<div class=\"elementor-widget-container\">\n\t\t\t<style>\/*! elementor - v3.21.0 - 22-05-2024 *\/\n.elementor-heading-title{padding:0;margin:0;line-height:1}.elementor-widget-heading .elementor-heading-title[class*=elementor-size-]>a{color:inherit;font-size:inherit;line-height:inherit}.elementor-widget-heading .elementor-heading-title.elementor-size-small{font-size:15px}.elementor-widget-heading .elementor-heading-title.elementor-size-medium{font-size:19px}.elementor-widget-heading .elementor-heading-title.elementor-size-large{font-size:29px}.elementor-widget-heading .elementor-heading-title.elementor-size-xl{font-size:39px}.elementor-widget-heading .elementor-heading-title.elementor-size-xxl{font-size:59px}<\/style><h2 class=\"elementor-heading-title elementor-size-default\">Pol\u00edtica de privacidad\n<\/h2>\t\t<\/div>\n\t\t\t\t<\/div>\n\t\t\t\t<div class=\"elementor-element elementor-element-ab2d3f1 elementor-widget elementor-widget-text-editor\" data-id=\"ab2d3f1\" data-element_type=\"widget\" data-widget_type=\"text-editor.default\">\n\t\t\t\t<div class=\"elementor-widget-container\">\n\t\t\t<style>\/*! elementor - v3.21.0 - 22-05-2024 *\/\n.elementor-widget-text-editor.elementor-drop-cap-view-stacked .elementor-drop-cap{background-color:#69727d;color:#fff}.elementor-widget-text-editor.elementor-drop-cap-view-framed .elementor-drop-cap{color:#69727d;border:3px solid;background-color:transparent}.elementor-widget-text-editor:not(.elementor-drop-cap-view-default) .elementor-drop-cap{margin-top:8px}.elementor-widget-text-editor:not(.elementor-drop-cap-view-default) .elementor-drop-cap-letter{width:1em;height:1em}.elementor-widget-text-editor .elementor-drop-cap{float:left;text-align:center;line-height:1;font-size:50px}.elementor-widget-text-editor .elementor-drop-cap-letter{display:inline-block}<\/style>\t\t\t\t<p>Ponemos a disposici\u00f3n de los titulares de Datos Personales que obran en posesi\u00f3n de COMIT\u00c9 DE AYUDA A DESASTRES Y EMERGENCIAS NACIONALES, A. C., en cumplimiento a las disposiciones aplicables de la Ley Federal de Protecci\u00f3n de Datos Personales en Posesi\u00f3n de Particulares (\u201cLey de Datos Personales\u201d), su Reglamento y dem\u00e1s disposiciones aplicables el presente aviso de privacidad que establece las pol\u00edticas y pr\u00e1cticas del Comit\u00e9 de Ayuda a Desastres y Emergencias Nacionales, A.C para el uso, el tratamiento y la protecci\u00f3n de sus Datos Personales.<\/p><p><br><\/p>\n<ul>\n<li><strong>Identidad del Responsable<\/strong><\/li>\n<\/ul><div><b><br><\/b><\/div>\n<div><b><br><\/b><\/div>\n<p>Comit\u00e9 de Ayuda a Desastres y Emergencias Nacionales, A.C., en adelante CADENA, con domicilio en Calle Magnocentro Sur No. 2, Col. San Fernando la Herradura, Huixquilucan, C.P. 52760 en el Estado de M\u00e9xico, Tels. +52 55 67186622 y +52 55 52907919, es una Asociaci\u00f3n constituida de conformidad con las leyes de los Estados Unidos Mexicanos, ofreciendo sus servicios en todo el territorio nacional, y comprometida con la protecci\u00f3n de sus Datos Personales, cuando es responsable de su uso, manejo y confidencialidad; por tanto, es importante informarle que los Datos Personales que recabemos sobre usted, son necesarios para verificar y confirmar su identidad, administrar y operar los servicios que prestamos, a efecto de cumplir con el objeto de CADENA.<\/p><p><br><\/p>\n<ul>\n<li><strong>Datos Personales<\/strong><\/li>\n<\/ul><div><b><br><\/b><\/div>\n<div><b><br><\/b><\/div>\n<p>CADENA recabar\u00e1 de usted los Datos Personales, (cualquier informaci\u00f3n concerniente a una persona f\u00edsica identificada o identificable), en adelante \u201cDatos Personales\u201d que sean necesarios para la adecuada asistencia de los servicios que prestamos, tales como datos de identificaci\u00f3n, laborales, patrimoniales, financieros, acad\u00e9micos y sensibles (aquellos datos que pueden revelar aspectos como origen racial o \u00e9tnico, estado de salud presente y futuro, informaci\u00f3n gen\u00e9tica, creencias religiosas, filos\u00f3ficas y morales); ya sea que se recaben (i) directamente o (ii) a trav\u00e9s de sus agentes, personal, empresas filiales, subsidiarias o promotores. Dichos Datos Personales incluyen los siguientes: (i) Nombre completo; (ii) Datos de contacto tales como direcci\u00f3n, tel\u00e9fonos, tel\u00e9fono celular y correo electr\u00f3nico entre otros; (iii) Datos de identificaci\u00f3n personal tales como edad, estado civil, nacionalidad, ingresos, RFC, etc.; (iv) Informaci\u00f3n sobre sus necesidades de operaci\u00f3n. Los datos anteriores se obtienen a partir de la informaci\u00f3n que su titular nos proporcione de manera personal, o bien, directamente del titular por cualquier medio electr\u00f3nico, \u00f3ptico, sonoro, visual, o a trav\u00e9s de cualquier otra tecnolog\u00eda, obteniendo su consentimiento expreso, por escrito, v\u00eda electr\u00f3nica y\/o cualquier otro medio de autenticaci\u00f3n, para recabarlos, tratarlos y\/o transferirlos en t\u00e9rminos de la Ley de Datos Personales.<\/p><p><br><\/p>\n<ul>\n<li><strong>Uso de sus Datos Personales<\/strong><\/li>\n<\/ul><div><b><br><\/b><\/div>\n<div><b><br><\/b><\/div>\n<p>Los Datos Personales que nos proporcione ser\u00e1n utilizados para (i) facilitarle los servicios y\/o apoyos que ofrece CADENA, (ii) Elaborar informes estad\u00edsticos y financieros; (iii) Mejorar los servicios y\/o apoyo que brinda CADENA; (iv) Hacer consultas, investigaciones, estudios, revisiones y an\u00e1lisis en relaci\u00f3n a sus quejas, inquietudes, y\/o reclamaciones; (v) Contactarlo para cualquier tema relacionado a los servicios y\/o apoyos que le brindemos; (vi) Contactarlo para cualquier tema relacionado a los apoyos o donativos que nos brinde y (vi) en general, para dar cumplimiento al objeto de nuestra Asociaci\u00f3n, as\u00ed como evaluar la calidad de los servicios y ayuda que se prestan. Utilizamos Informaci\u00f3n personal general recopilada directamente durante cualquier proceso de registro y mediante &#8220;cookies&#8221; para que nos ayuden a evaluar y modificar funciones existentes.<\/p>\n<p>La informaci\u00f3n personal que recabamos es adem\u00e1s con la finalidad de elaborar los perfiles de las personas que requieren la prestaci\u00f3n de nuestros servicios, apoyo y\/o ayuda brindada, y a su vez de las personas que contribuyen con el objeto de CADENA, as\u00ed como para analizar los riesgos y las circunstancias que en determinado momento se puedan llegar a producir ante cualquier eventualidad o contingencia, pues dicha informaci\u00f3n nos permitir\u00e1 brindarle un mejor servicio y elevar su calidad.<\/p><p><br><\/p>\n<ul>\n<li><strong>Protecci\u00f3n de los Datos Personales<\/strong><\/li>\n<\/ul><div><b><br><\/b><\/div>\n<div><b><br><\/b><\/div>\n<p>Para cumplir con las finalidades previstas en el presente aviso, los \u201cDatos Personales\u201d ser\u00e1n recabados y tratados de forma sensible, comprometi\u00e9ndonos a tratarlos bajo estrictas medidas de seguridad, y confidencialidad. Por ello, los Datos Personales que nos sean proporcionados, incluyendo los sensibles, que actualmente o en el futuro obren en posesi\u00f3n de nuestra Asociaci\u00f3n, ser\u00e1n manejados, tratados y\/o utilizados bajo los principios de licitud, consentimiento, calidad, informaci\u00f3n, proporcionalidad y responsabilidad, comprometi\u00e9ndonos a observar y cumplir los citados principios, as\u00ed como a no vender, alquilar, compartir o divulgar su informaci\u00f3n personal con fines il\u00edcitos o contrarios a los fines para lo cual fueron proporcionados, salvo los casos excepcionales se\u00f1alados en la Ley de Datos Personales y su respectivo Reglamento.<\/p>\n<p>CADENA realizar\u00e1 sus mejores esfuerzos para proteger los Datos Personales y salvaguardar la seguridad en los sistemas utilizados para almacenar los Datos Personales.<\/p>\n<p>Sin embargo, CADENA no asume ninguna obligaci\u00f3n de mantener confidencial cualquier otra informaci\u00f3n que el titular proporcione de manera adicional a la solicitada, incluyendo aquella informaci\u00f3n que el titular facilite a trav\u00e9s de redes sociales y formularios en el sitio de Internet.<\/p>\n<p>Los Datos Personales que nos proporcione son almacenados en servidores alojados en instalaciones seguras.<\/p><p><br><\/p>\n<ul>\n<li><strong>Datos Bancarios y Tarjeta de Cr\u00e9dito<\/strong><\/li>\n<\/ul><div><b><br><\/b><\/div>\n<div><b><br><\/b><\/div>\n<p>Con la finalidad de asistirlo de forma m\u00e1s eficaz, las transacciones con tarjeta de cr\u00e9dito son administradas mediante un servicio bancario de terceros, en el cual se recibe la informaci\u00f3n necesaria para verificar y autorizar su tarjeta de cr\u00e9dito, d\u00e9bito u otra informaci\u00f3n de pago, para as\u00ed procesar y enviar su donativo. Las transacciones financieras relacionadas con sus donaciones en l\u00ednea al Sitio las administran terceros claramente identificados. La informaci\u00f3n relativa a sus transacciones financieras no se mantendr\u00e1 en los servidores de CADENA.<\/p><p><br><\/p>\n<ul>\n<li><strong>Derechos para limitar el uso de los Datos Personales<\/strong><\/li>\n<\/ul><div><b><br><\/b><\/div>\n<div><b><br><\/b><\/div>\n<p>Toda vez que el tratamiento de sus Datos Personales es indispensable para (i) recibir sus apoyos y contribuciones y\/o (ii) para brindarle nuestro apoyo y\/o servicios, existe la posibilidad que CADENA tenga que compartir parte de su informaci\u00f3n con diversas Asociaciones filiales con quienes se tienen acuerdos escritos sobre confidencialidad y protecci\u00f3n de Datos Personales, a fin de mejorar el servicio que le ofrecemos. Usted podr\u00e1 solicitar que sus Datos Personales no sean transmitidos a nuestras filiales directamente, mediante la solicitud respectiva a la direcci\u00f3n de correo electr\u00f3nico de nuestra Unidad Especial de Atenci\u00f3n al P\u00fablico cadena@cadena.ngo, directamente en nuestras oficinas, o bien, mediante llamada telef\u00f3nica.<\/p>\n<p>En caso que no desee que sus Datos Personales sean tratados para los fines antes descritos, Usted puede presentar su solicitud a trav\u00e9s de nuestra Unidad Especial de Atenci\u00f3n al P\u00fablico y la cual se encuentra ubicada en nuestras oficinas, ello, desde luego, no constituir\u00e1 una negativa para que le neguemos la contrataci\u00f3n de los servicios y\/o apoyo que brindamos.<\/p>\n<p>Sin embargo, cabe mencionar que existen Datos Personales que resultan necesarios para que Usted pueda (i) contribuir o colaborar con CADENA y\/o (ii) recibir nuestros servicios, en estos casos, su negativa para proporcionar y\/o hacer uso de sus Datos Personales, podr\u00e1 constituir un impedimento para que CADENA pueda recibir sus apoyos, CADENA pueda prestarle el servicio, o bien, implicar\u00e1 la conclusi\u00f3n de su relaci\u00f3n con nosotros.<\/p>\n<p>Asimismo, no se requerir\u00e1 de su autorizaci\u00f3n para transferir sus datos a terceros en las excepciones que marca la ley; esto es, el Comit\u00e9 de Ayuda a Desastres y Emergencias Nacionales, A.C., podr\u00e1 comunicar y compartir sus Datos Personales, a otras Sociedades y\/o Asociaciones con las que tenga alianzas y\/o convenios, y a las que as\u00ed lo estime conveniente, adem\u00e1s de aquellos casos en que as\u00ed lo soliciten las autoridades competentes, sea administrativa y\/o judicial, sin perjuicio de comunicarles el presente aviso de privacidad a los destinatarios de sus Datos Personales, para los fines que resulten pertinentes.<\/p><p><br><\/p>\n<ul>\n<li><strong>Medios para Ejercer los Derechos de Acceso, Rectificaci\u00f3n, Cancelaci\u00f3n u Oposici\u00f3n. \u201cDerechos ARCO\u201d<\/strong><\/li>\n<\/ul><div><b><br><\/b><\/div>\n<div><b><br><\/b><\/div>\n<p>Los \u201cDerechos ARCO\u201d se refieren a que Usted de conformidad con la legislaci\u00f3n aplicable, tendr\u00e1 derecho de acceder a sus Datos Personales que poseemos y al detalle del tratamiento de los mismos; as\u00ed como a rectificarlos cuando sean inexactos o se encuentren incompletos, debiendo solicitar su correcci\u00f3n, se\u00f1alando con toda precisi\u00f3n de qu\u00e9 datos se trata y debiendo adjuntar la documentaci\u00f3n que acredite o ampare la modificaci\u00f3n requerida; cancelarlos siempre y cuando est\u00e9 permitido por la ley y exista una causa que justifique dicha acci\u00f3n, por lo que de ser procedente su solicitud de cancelaci\u00f3n, se proceder\u00e1 a su bloqueo y supresi\u00f3n de sus Datos Personales y finalmente Usted tiene derecho en todo momento y por causa leg\u00edtima a oponerse al tratamiento de sus Datos Personales.<\/p>\n<p>En t\u00e9rminos de lo dispuesto en los art\u00edculos 22 y 28 de la Ley de Datos Personales, Usted podr\u00e1 ejercer los derechos de acceso, rectificaci\u00f3n, cancelaci\u00f3n u oposici\u00f3n al tratamiento de sus datos \u201cDerechos ARCO\u201d, debiendo presentar solicitud ante la Unidad Especializada de Atenci\u00f3n al P\u00fablico cuyos datos son los siguientes:<\/p>\n<p><strong>P\u00e1gina de Internet:<\/strong><br>https:\/\/cadena.ngo\/contacto<br><strong>Domicilio:<\/strong><br>Calle Magnocentro Sur No. 2, Col. San Fernando la Herradura, Huixquilucan, C.P. 52760 en el Estado<br>de M\u00e9xico.<br><strong>Tel\u00e9fono:<\/strong><br>+52 55 67186622 y +52 55 52907919 con el Sr. Fernando Mitrani Behar y\/o Elizabeth Vega.<br><strong>Horario de atenci\u00f3n:<\/strong><br>9:00 a 18:00 horas.<br><strong>Correo electr\u00f3nico:<\/strong><br>cadena@cadena.ngo<\/p>\n<p>Podr\u00e1 presentar su solicitud en cualquiera de los medios de comunicaci\u00f3n mencionados anteriormente.<\/p>\n<p>En t\u00e9rminos de la Ley de Datos Personales su solicitud deber\u00e1 contener la siguiente informaci\u00f3n: (i) Nombre completo, domicilio u otro medio para comunicarle la respuesta a su solicitud, (ii) los documentos que acrediten la identidad, o en su caso, la representaci\u00f3n legal del titular, (iii) derecho que desee ejercer, (iv) descripci\u00f3n clara y precisa de los datos que requiera acceder, ratificar, cancelar u oponerse a su tratamiento, (v) en caso de que solicite la rectificaci\u00f3n o actualizaci\u00f3n de sus datos, deber\u00e1 proporcionar el dato que sustituir\u00e1 al anterior, aportando la documentaci\u00f3n que sustente la petici\u00f3n; (vi) en caso de oposici\u00f3n al trato de sus datos, deber\u00e1 indicar el dato personal y el uso al cual se opone; (vi) en caso de cancelaci\u00f3n o acceso, deber\u00e1 indicar el dato a cancelar o acceder, seg\u00fan sea el caso.<\/p>\n<p>El plazo para atender su solicitud ser\u00e1 de veinte d\u00edas h\u00e1biles. La resoluci\u00f3n se dar\u00e1 a conocer mediante el medio de comunicaci\u00f3n a trav\u00e9s del cual present\u00f3 su solicitud. En caso de ser procedente la resoluci\u00f3n se har\u00e1 efectiva dentro de los quince d\u00edas h\u00e1biles siguientes a la fecha en la que se comunic\u00f3 la respuesta<\/p>\n<p>Atento a lo anterior, usted debe tener la plena seguridad que los Datos Personales proporcionados al Comit\u00e9 de Ayuda a Desastres y Emergencias Nacionales, A.C., ser\u00e1n tratados de conformidad con lo que se\u00f1ala la Ley de Datos Personales y su respectivo Reglamento, siendo debidamente protegidos a trav\u00e9s de las medidas de seguridad administrativas, f\u00edsicas y t\u00e9cnicas a fin de garantizar su confidencialidad y evitar su p\u00e9rdida, da\u00f1o, alteraci\u00f3n, destrucci\u00f3n, uso, acceso o divulgaci\u00f3n indebida de sus Datos Personales.<\/p>\n<p>Si usted considera que su derecho de protecci\u00f3n de Datos Personales ha sido vulnerado por alguna conducta de nuestro personal, puede contactarnos en la Unidad Especial de Atenci\u00f3n al P\u00fablico, ello, sin perjuicio de su derecho de acudir ante el Instituto Nacional de Transparencia, Acceso a la Informaci\u00f3n y Protecci\u00f3n de Datos Personales (INAI). Para mayor informaci\u00f3n visite https:\/\/home.inai.org.mx.<\/p><p><br><\/p>\n<ul>\n<li><b>Transferencia de Datos<\/b><\/li>\n<\/ul><div><b><br><\/b><\/div>\n<div><b><br><\/b><\/div>\n<p>CADENA podr\u00e1 transmitir sus Datos Personales, recabando el consentimiento respectivo de sus titulares desde luego, a aquellas Sociedades y\/o Asociaciones que forman parte del grupo de CADENA, as\u00ed como a aquellas que as\u00ed se estimen convenientes, asegur\u00e1ndonos que los Datos sean manejados \u00fanicamente por aquel personal cuya intervenci\u00f3n sea precisamente para cumplir con la finalidad del servicio y\/o ayuda brindada, sujet\u00e1ndose siempre a lo establecido en el presente Aviso de Privacidad.<\/p>\n<p>Nos comprometemos a no transferir su Informaci\u00f3n Personal a terceros sin su consentimiento, salvo las excepciones previstas en el art\u00edculo 37 de la Ley de Datos Personales, as\u00ed como a realizar esta transferencia en los t\u00e9rminos que fija esa Ley.<\/p><p><br><\/p>\n<ul>\n<li><strong>Uso de cookies<\/strong><\/li>\n<\/ul><div><b><br><\/b><\/div>\n<div><b><br><\/b><\/div>\n<p>Las cookies son archivos de texto que se descargan autom\u00e1ticamente y se almacenan en el disco duro del equipo de c\u00f3mputo del usuario al navegar en una p\u00e1gina de Internet espec\u00edfica. Las cookies permiten recordar al servidor de Internet algunos datos sobre el usuario, entre ellos sus preferencias para la visualizaci\u00f3n de las p\u00e1ginas en el servidor.<\/p>\n<p>CADENA podr\u00e1 utilizar cookies en su p\u00e1gina de Internet y otros sitios en l\u00ednea para obtener informaci\u00f3n no personal de los visitantes, con la finalidad de mejorar su experiencia al navegar en los sitios en l\u00ednea, as\u00ed como facilitar su visita a los mismos.<\/p>\n<p>CADENA tambi\u00e9n podr\u00e1 utilizar web beacons, las cuales son im\u00e1genes insertadas en una p\u00e1gina de Internet o correo electr\u00f3nico que puede ser utilizado para monitorear el comportamiento de un visitante, como almacenar informaci\u00f3n sobre la direcci\u00f3n IP del usuario, duraci\u00f3n del tiempo de interacci\u00f3n en dicha p\u00e1gina y el tipo de navegador utilizado, entre otros.<\/p>\n<p>Usted puede desactivar desde su equipo el uso de cookies y web beacons.<\/p><p><br><\/p>\n<ul>\n<li><strong>Datos Personales de menores<\/strong><\/li>\n<\/ul><div><b><br><\/b><\/div>\n<div><b><br><\/b><\/div>\n<p>CADENA no recaba ni conserva informaci\u00f3n en sus Sitios de Internet de personas que a sabiendas son menores de 18 a\u00f1os. Ninguna parte de nuestros Sitios de Internet est\u00e1 dise\u00f1ado para solicitar Datos Personales de menores de 18 a\u00f1os.<\/p>\n<p>No se comunique con nosotros ni proporcione Datos Personales si es menor de 18 a\u00f1os. Si CADENA tiene conocimiento de que se han recopilado en el Sitio Datos Personales sobre una persona menor de 18 a\u00f1os, tomaremos las medidas apropiadas para eliminar dicha informaci\u00f3n.<\/p><p><br><\/p>\n<ul>\n<li><strong>Enlaces a sitios de terceros<\/strong><\/li>\n<\/ul><div><b><br><\/b><\/div>\n<div><b><br><\/b><\/div>\n<p>El Sitio puede contener enlaces a los sitios web de terceros no afiliados con CADENA. Usted comprende, reconoce y acepta que estos enlaces se brindan \u00fanicamente para su conveniencia y no con fines de promoci\u00f3n por parte de CADENA del contenido, la publicidad o las pr\u00e1cticas comerciales de alg\u00fan tercero. CADENA no se responsabiliza por las pr\u00e1cticas de privacidad o el contenido de ninguno de estos otros sitios web, incluido cualquier sitio web que pueda indicar una relaci\u00f3n especial o una &#8220;sociedad&#8221; con CADENA.<\/p><p><br><\/p>\n<ul>\n<li><strong>Cambios al Aviso de Privacidad<\/strong><\/li>\n<\/ul><div><b><br><\/b><\/div>\n<div><b><br><\/b><\/div>\n<p>El Comit\u00e9 de Ayuda a Desastres y Emergencias Nacionales, A.C., se reserva el derecho de cambiar, modificar, complementar y\/\/o alterar en cualquier momento el presente AVISO DE PRIVACIDAD, mismo que ser\u00e1 notificado a trav\u00e9s de nuestra p\u00e1gina web http:\/\/www.cadena.ngo, o bien v\u00eda correo electr\u00f3nico que para el efecto nos haya proporcionado.<\/p>\t\t\t\t\t\t<\/div>\n\t\t\t\t<\/div>\n\t\t\t\t\t<\/div>\n\t\t\t\t<\/div>\n\t\t\t\t<\/div>","protected":false},"excerpt":{"rendered":"<p>Pol\u00edtica de privacidad Ponemos a disposici\u00f3n de los titulares de Datos Personales que obran en posesi\u00f3n de COMIT\u00c9 DE AYUDA A DESASTRES Y EMERGENCIAS NACIONALES, A. C., en cumplimiento a las disposiciones aplicables de la Ley Federal de Protecci\u00f3n de Datos Personales en Posesi\u00f3n de Particulares (\u201cLey de Datos Personales\u201d), su Reglamento y dem\u00e1s disposiciones [&hellip;]<\/p>","protected":false},"author":1,"featured_media":0,"parent":0,"menu_order":0,"comment_status":"closed","ping_status":"closed","template":"elementor_theme","meta":{"inline_featured_image":false,"footnotes":""},"class_list":["post-6089","page","type-page","status-publish","hentry"],"_links":{"self":[{"href":"https:\/\/becomeregeneration.com\/es\/wp-json\/wp\/v2\/pages\/6089","targetHints":{"allow":["GET"]}}],"collection":[{"href":"https:\/\/becomeregeneration.com\/es\/wp-json\/wp\/v2\/pages"}],"about":[{"href":"https:\/\/becomeregeneration.com\/es\/wp-json\/wp\/v2\/types\/page"}],"author":[{"embeddable":true,"href":"https:\/\/becomeregeneration.com\/es\/wp-json\/wp\/v2\/users\/1"}],"replies":[{"embeddable":true,"href":"https:\/\/becomeregeneration.com\/es\/wp-json\/wp\/v2\/comments?post=6089"}],"version-history":[{"count":4,"href":"https:\/\/becomeregeneration.com\/es\/wp-json\/wp\/v2\/pages\/6089\/revisions"}],"predecessor-version":[{"id":6093,"href":"https:\/\/becomeregeneration.com\/es\/wp-json\/wp\/v2\/pages\/6089\/revisions\/6093"}],"wp:attachment":[{"href":"https:\/\/becomeregeneration.com\/es\/wp-json\/wp\/v2\/media?parent=6089"}],"curies":[{"name":"wp","href":"https:\/\/api.w.org\/{rel}","templated":true}]}}